{"id":1584,"date":"2025-09-05T09:02:55","date_gmt":"2025-09-05T07:02:55","guid":{"rendered":"https:\/\/wildlachs-wsc.ch\/produkt\/saumon-rouge-fume-tranche\/"},"modified":"2025-09-05T09:02:55","modified_gmt":"2025-09-05T07:02:55","slug":"saumon-rouge-fume-tranche","status":"publish","type":"product","link":"https:\/\/wildlachs-wsc.ch\/fr\/produkt\/saumon-rouge-fume-tranche\/","title":{"rendered":"Saumon rouge fum\u00e9 (tranch\u00e9)"},"content":{"rendered":"<p>Tranch\u00e9, surgel\u00e9<br \/>\n150g, 250g ou 500g<\/p>\n","protected":false},"excerpt":{"rendered":"<p>Tranch\u00e9, surgel\u00e9<br \/>\n150, 250 et 500g<\/p>\n","protected":false},"featured_media":1032,"template":"","meta":[],"product_brand":[],"product_cat":[59],"product_tag":[],"class_list":{"0":"post-1584","1":"product","2":"type-product","3":"status-publish","4":"has-post-thumbnail","6":"product_cat-non-categorise","8":"first","9":"outofstock","10":"shipping-taxable","11":"purchasable","12":"product-type-variable","13":"has-default-attributes"},"_links":{"self":[{"href":"https:\/\/wildlachs-wsc.ch\/fr\/wp-json\/wp\/v2\/product\/1584","targetHints":{"allow":["GET"]}}],"collection":[{"href":"https:\/\/wildlachs-wsc.ch\/fr\/wp-json\/wp\/v2\/product"}],"about":[{"href":"https:\/\/wildlachs-wsc.ch\/fr\/wp-json\/wp\/v2\/types\/product"}],"wp:featuredmedia":[{"embeddable":true,"href":"https:\/\/wildlachs-wsc.ch\/fr\/wp-json\/wp\/v2\/media\/1032"}],"wp:attachment":[{"href":"https:\/\/wildlachs-wsc.ch\/fr\/wp-json\/wp\/v2\/media?parent=1584"}],"wp:term":[{"taxonomy":"product_brand","embeddable":true,"href":"https:\/\/wildlachs-wsc.ch\/fr\/wp-json\/wp\/v2\/product_brand?post=1584"},{"taxonomy":"product_cat","embeddable":true,"href":"https:\/\/wildlachs-wsc.ch\/fr\/wp-json\/wp\/v2\/product_cat?post=1584"},{"taxonomy":"product_tag","embeddable":true,"href":"https:\/\/wildlachs-wsc.ch\/fr\/wp-json\/wp\/v2\/product_tag?post=1584"}],"curies":[{"name":"wp","href":"https:\/\/api.w.org\/{rel}","templated":true}]}}