{"id":1569,"date":"2025-09-05T10:44:49","date_gmt":"2025-09-05T08:44:49","guid":{"rendered":"https:\/\/wildlachs-wsc.ch\/produkt\/saumon-argente-fume-tranche\/"},"modified":"2025-10-21T08:34:26","modified_gmt":"2025-10-21T06:34:26","slug":"saumon-argente-fume-tranche","status":"publish","type":"product","link":"https:\/\/wildlachs-wsc.ch\/fr\/produkt\/saumon-argente-fume-tranche\/","title":{"rendered":"Saumon argent\u00e9 fum\u00e9 (tranch\u00e9)"},"content":{"rendered":"<p>D\u00e9coup\u00e9, surgel\u00e9<br \/>\n250 ou 500 g<\/p>\n","protected":false},"excerpt":{"rendered":"<p>D\u00e9coup\u00e9, surgel\u00e9<br \/>\n250 ou 500 g<\/p>\n","protected":false},"featured_media":1039,"template":"","meta":[],"product_brand":[],"product_cat":[59],"product_tag":[],"class_list":{"0":"post-1569","1":"product","2":"type-product","3":"status-publish","4":"has-post-thumbnail","6":"product_cat-non-categorise","8":"first","9":"instock","10":"shipping-taxable","11":"purchasable","12":"product-type-variable"},"_links":{"self":[{"href":"https:\/\/wildlachs-wsc.ch\/fr\/wp-json\/wp\/v2\/product\/1569","targetHints":{"allow":["GET"]}}],"collection":[{"href":"https:\/\/wildlachs-wsc.ch\/fr\/wp-json\/wp\/v2\/product"}],"about":[{"href":"https:\/\/wildlachs-wsc.ch\/fr\/wp-json\/wp\/v2\/types\/product"}],"wp:featuredmedia":[{"embeddable":true,"href":"https:\/\/wildlachs-wsc.ch\/fr\/wp-json\/wp\/v2\/media\/1039"}],"wp:attachment":[{"href":"https:\/\/wildlachs-wsc.ch\/fr\/wp-json\/wp\/v2\/media?parent=1569"}],"wp:term":[{"taxonomy":"product_brand","embeddable":true,"href":"https:\/\/wildlachs-wsc.ch\/fr\/wp-json\/wp\/v2\/product_brand?post=1569"},{"taxonomy":"product_cat","embeddable":true,"href":"https:\/\/wildlachs-wsc.ch\/fr\/wp-json\/wp\/v2\/product_cat?post=1569"},{"taxonomy":"product_tag","embeddable":true,"href":"https:\/\/wildlachs-wsc.ch\/fr\/wp-json\/wp\/v2\/product_tag?post=1569"}],"curies":[{"name":"wp","href":"https:\/\/api.w.org\/{rel}","templated":true}]}}