{"id":1628,"date":"2025-07-15T08:41:06","date_gmt":"2025-07-15T06:41:06","guid":{"rendered":"https:\/\/wildlachs-wsc.ch\/a-propos-de-nous\/"},"modified":"2026-01-29T08:45:11","modified_gmt":"2026-01-29T07:45:11","slug":"a-propos-de-nous","status":"publish","type":"page","link":"https:\/\/wildlachs-wsc.ch\/fr\/a-propos-de-nous\/","title":{"rendered":"\u00c0 propos de nous"},"content":{"rendered":"\t\t<div data-elementor-type=\"wp-page\" data-elementor-id=\"1628\" class=\"elementor elementor-1628 elementor-16\" wpc-filter-elementor-widget=\"1\" data-elementor-post-type=\"page\">\n\t\t\t\t<div class=\"elementor-element elementor-element-b9b3629 e-flex e-con-boxed e-con e-parent\" data-id=\"b9b3629\" data-element_type=\"container\" data-e-type=\"container\" data-settings=\"{&quot;background_background&quot;:&quot;classic&quot;}\">\n\t\t\t\t\t<div class=\"e-con-inner\">\n\t\t\t\t<div class=\"elementor-element elementor-element-f75cf3f elementor-widget elementor-widget-heading\" data-id=\"f75cf3f\" data-element_type=\"widget\" data-e-type=\"widget\" data-widget_type=\"heading.default\">\n\t\t\t\t\t<h1 class=\"elementor-heading-title elementor-size-default\">\u00e0 propos de nous<\/h1>\t\t\t\t<\/div>\n\t\t\t\t\t<\/div>\n\t\t\t\t<\/div>\n\t\t<div class=\"elementor-element elementor-element-f8630d5 e-flex e-con-boxed e-con e-parent\" data-id=\"f8630d5\" data-element_type=\"container\" data-e-type=\"container\" data-settings=\"{&quot;background_background&quot;:&quot;classic&quot;}\">\n\t\t\t\t\t<div class=\"e-con-inner\">\n\t\t<div class=\"elementor-element elementor-element-1ec6167 e-con-full elementor-hidden-tablet elementor-hidden-mobile e-flex e-con e-child\" data-id=\"1ec6167\" data-element_type=\"container\" data-e-type=\"container\" data-settings=\"{&quot;background_background&quot;:&quot;classic&quot;}\">\n\t\t\t\t<\/div>\n\t\t<div class=\"elementor-element elementor-element-a906758 e-con-full e-flex e-con e-child\" data-id=\"a906758\" data-element_type=\"container\" data-e-type=\"container\">\n\t\t\t\t<div class=\"elementor-element elementor-element-02faa89 elementor-widget elementor-widget-heading\" data-id=\"02faa89\" data-element_type=\"widget\" data-e-type=\"widget\" data-widget_type=\"heading.default\">\n\t\t\t\t\t<h2 class=\"elementor-heading-title elementor-size-default\">UN MORCEAU D\u2019ALASKA CHEZ VOUS<\/h2>\t\t\t\t<\/div>\n\t\t<div class=\"elementor-element elementor-element-f97c394 e-con-full e-flex e-con e-child\" data-id=\"f97c394\" data-element_type=\"container\" data-e-type=\"container\">\n\t\t\t\t<div class=\"elementor-element elementor-element-09fba36 elementor-widget__width-initial elementor-widget-mobile__width-inherit elementor-widget elementor-widget-text-editor\" data-id=\"09fba36\" data-element_type=\"widget\" data-e-type=\"widget\" data-widget_type=\"text-editor.default\">\n\t\t\t\t\t\t\t\t\t<div class=\"page\" title=\"Page 1\"><div class=\"section\"><div class=\"layoutArea\"><div class=\"column\"><p>Bienvenue, heureux que vous ayez trouv\u00e9 notre site !<\/p><\/div><\/div><\/div><\/div><p>Nous vous apportons un v\u00e9ritable morceau de nature intacte directement dans votre assiette : du saumon sauvage et des fruits de mer s\u00e9lectionn\u00e9s provenant des eaux froides et claires de l&rsquo;Alaska.<\/p><p>Sacha R\u00f6thlisberger, membre fondateur, a trouv\u00e9 sa deuxi\u00e8me patrie dans la nature sauvage et indompt\u00e9e de l\u2019Alaska. P\u00eacheur passionn\u00e9, il conna\u00eet non seulement la force brute et la puret\u00e9 de cette nature, mais aussi le secret de son tr\u00e9sor le plus pr\u00e9cieux : le go\u00fbt incomparable du v\u00e9ritable saumon sauvage. Afin de faire d\u00e9couvrir cette d\u00e9licatesse particuli\u00e8re en Suisse, il a transform\u00e9 sa passion en action et a fond\u00e9 Wild Salmon Choice GmbH en 2016 avec Thomas Gruber.  <\/p>\t\t\t\t\t\t\t\t<\/div>\n\t\t\t\t<div class=\"elementor-element elementor-element-e8ea726 elementor-widget__width-initial elementor-widget-mobile__width-inherit elementor-widget elementor-widget-text-editor\" data-id=\"e8ea726\" data-element_type=\"widget\" data-e-type=\"widget\" data-widget_type=\"text-editor.default\">\n\t\t\t\t\t\t\t\t\t<div class=\"page\" title=\"Page 1\"><div class=\"section\"><div class=\"layoutArea\"><div class=\"column\"><p>Ce qui a commenc\u00e9 avec une vision et beaucoup de passion a rencontr\u00e9 un grand succ\u00e8s. D\u00e8s 2017, l\u2019\u00e9quipe a pu \u00eatre renforc\u00e9e par deux partenaires tout aussi passionn\u00e9s, Kevin Jenny et Sven Eisenmann. <\/p><p>Aujourd&rsquo;hui, nous sommes tous unis par la conviction que le vrai plaisir ne na\u00eet que l\u00e0 o\u00f9 la qualit\u00e9, le lien avec la nature et la passion se rencontrent.<\/p><p>Ce qui rend notre saumon sauvage si sp\u00e9cial, c&rsquo;est son go\u00fbt unique et naturel, loin de l&rsquo;\u00e9levage et sans additifs artificiels. Il provient de la p\u00eache durable, o\u00f9 des quotas strictement r\u00e9glement\u00e9s prot\u00e8gent la biodiversit\u00e9 et assurent la p\u00e9rennit\u00e9 des stocks. <\/p><p>D\u00e9couvrez le vrai go\u00fbt du Nord\u2026<\/p><\/div><\/div><\/div><\/div>\t\t\t\t\t\t\t\t<\/div>\n\t\t\t\t<\/div>\n\t\t\t\t<div class=\"elementor-element elementor-element-3dfbb39 elementor-widget elementor-widget-heading\" data-id=\"3dfbb39\" data-element_type=\"widget\" data-e-type=\"widget\" data-widget_type=\"heading.default\">\n\t\t\t\t\t<h2 class=\"elementor-heading-title elementor-size-default\">SAUVAGE, NATUREL, AUTHENTIQUE<\/h2>\t\t\t\t<\/div>\n\t\t\t\t<\/div>\n\t\t<div class=\"elementor-element elementor-element-47a7ebe e-con-full elementor-hidden-tablet elementor-hidden-mobile e-flex e-con e-child\" data-id=\"47a7ebe\" data-element_type=\"container\" data-e-type=\"container\" data-settings=\"{&quot;background_background&quot;:&quot;classic&quot;}\">\n\t\t\t\t<\/div>\n\t\t\t\t\t<\/div>\n\t\t\t\t<\/div>\n\t\t<div class=\"elementor-element elementor-element-f07f574 e-flex e-con-boxed e-con e-parent\" data-id=\"f07f574\" data-element_type=\"container\" data-e-type=\"container\">\n\t\t\t\t\t<div class=\"e-con-inner\">\n\t\t\t\t<div class=\"elementor-element elementor-element-5e57b09 elementor-widget elementor-widget-heading\" data-id=\"5e57b09\" data-element_type=\"widget\" data-e-type=\"widget\" data-widget_type=\"heading.default\">\n\t\t\t\t\t<h2 class=\"elementor-heading-title elementor-size-default\">\u00c9quipe<\/h2>\t\t\t\t<\/div>\n\t\t<div class=\"elementor-element elementor-element-eedc483 e-grid e-con-full e-con e-child\" data-id=\"eedc483\" data-element_type=\"container\" data-e-type=\"container\">\n\t\t<div class=\"elementor-element elementor-element-2b3c203 e-con-full e-flex e-con e-child\" data-id=\"2b3c203\" data-element_type=\"container\" data-e-type=\"container\">\n\t\t\t\t<div class=\"elementor-element elementor-element-522018a elementor-flip-box--effect-fade elementor-widget elementor-widget-flip-box\" data-id=\"522018a\" data-element_type=\"widget\" data-e-type=\"widget\" data-widget_type=\"flip-box.default\">\n\t\t\t\t\t\t\t<div class=\"elementor-flip-box\" tabindex=\"0\">\n\t\t\t<div class=\"elementor-flip-box__layer elementor-flip-box__front\">\n\t\t\t\t<div class=\"elementor-flip-box__layer__overlay\">\n\t\t\t\t\t<div class=\"elementor-flip-box__layer__inner\">\n\t\t\t\t\t\t\t\t\t\t\t\t\t<div class=\"elementor-icon-wrapper elementor-view-default\">\n\t\t\t\t\t\t\t\t<div class=\"elementor-icon\">\n\t\t\t\t\t\t\t\t\t\t\t\t\t\t\t\t\t<\/div>\n\t\t\t\t\t\t\t<\/div>\n\t\t\t\t\t\t\n\t\t\t\t\t\t\n\t\t\t\t\t\t\t\t\t\t\t<\/div>\n\t\t\t\t<\/div>\n\t\t\t<\/div>\n\t\t\t<div class=\"elementor-flip-box__layer elementor-flip-box__back\">\n\t\t\t<div class=\"elementor-flip-box__layer__overlay\">\n\t\t\t\t<div class=\"elementor-flip-box__layer__inner\">\n\t\t\t\t\t\n\t\t\t\t\t\n\t\t\t\t\t\t\t\t<\/div>\n\t\t<\/div>\n\t\t<\/div>\n\t\t<\/div>\n\t\t\t\t\t\t<\/div>\n\t\t\t\t<div class=\"elementor-element elementor-element-4e18607 elementor-widget elementor-widget-heading\" data-id=\"4e18607\" data-element_type=\"widget\" data-e-type=\"widget\" data-widget_type=\"heading.default\">\n\t\t\t\t\t<h3 class=\"elementor-heading-title elementor-size-default\">Sacha R\u00f6thlisberger<\/h3>\t\t\t\t<\/div>\n\t\t\t\t<\/div>\n\t\t<div class=\"elementor-element elementor-element-46b832d e-con-full e-flex e-con e-child\" data-id=\"46b832d\" data-element_type=\"container\" data-e-type=\"container\">\n\t\t\t\t<div class=\"elementor-element elementor-element-a31b8a9 elementor-flip-box--effect-fade elementor-widget elementor-widget-flip-box\" data-id=\"a31b8a9\" data-element_type=\"widget\" data-e-type=\"widget\" data-widget_type=\"flip-box.default\">\n\t\t\t\t\t\t\t<div class=\"elementor-flip-box\" tabindex=\"0\">\n\t\t\t<div class=\"elementor-flip-box__layer elementor-flip-box__front\">\n\t\t\t\t<div class=\"elementor-flip-box__layer__overlay\">\n\t\t\t\t\t<div class=\"elementor-flip-box__layer__inner\">\n\t\t\t\t\t\t\t\t\t\t\t\t\t<div class=\"elementor-icon-wrapper elementor-view-default\">\n\t\t\t\t\t\t\t\t<div class=\"elementor-icon\">\n\t\t\t\t\t\t\t\t\t\t\t\t\t\t\t\t\t<\/div>\n\t\t\t\t\t\t\t<\/div>\n\t\t\t\t\t\t\n\t\t\t\t\t\t\n\t\t\t\t\t\t\t\t\t\t\t<\/div>\n\t\t\t\t<\/div>\n\t\t\t<\/div>\n\t\t\t<div class=\"elementor-flip-box__layer elementor-flip-box__back\">\n\t\t\t<div class=\"elementor-flip-box__layer__overlay\">\n\t\t\t\t<div class=\"elementor-flip-box__layer__inner\">\n\t\t\t\t\t\n\t\t\t\t\t\n\t\t\t\t\t\t\t\t<\/div>\n\t\t<\/div>\n\t\t<\/div>\n\t\t<\/div>\n\t\t\t\t\t\t<\/div>\n\t\t\t\t<div class=\"elementor-element elementor-element-f3816c2 elementor-widget elementor-widget-heading\" data-id=\"f3816c2\" data-element_type=\"widget\" data-e-type=\"widget\" data-widget_type=\"heading.default\">\n\t\t\t\t\t<h3 class=\"elementor-heading-title elementor-size-default\">Thomas <br> Gruber<\/h3>\t\t\t\t<\/div>\n\t\t\t\t<\/div>\n\t\t<div class=\"elementor-element elementor-element-6852906 e-con-full e-flex e-con e-child\" data-id=\"6852906\" data-element_type=\"container\" data-e-type=\"container\">\n\t\t\t\t<div class=\"elementor-element elementor-element-c7c0e20 elementor-flip-box--effect-fade elementor-widget elementor-widget-flip-box\" data-id=\"c7c0e20\" data-element_type=\"widget\" data-e-type=\"widget\" data-widget_type=\"flip-box.default\">\n\t\t\t\t\t\t\t<div class=\"elementor-flip-box\" tabindex=\"0\">\n\t\t\t<div class=\"elementor-flip-box__layer elementor-flip-box__front\">\n\t\t\t\t<div class=\"elementor-flip-box__layer__overlay\">\n\t\t\t\t\t<div class=\"elementor-flip-box__layer__inner\">\n\t\t\t\t\t\t\t\t\t\t\t\t\t<div class=\"elementor-icon-wrapper elementor-view-default\">\n\t\t\t\t\t\t\t\t<div class=\"elementor-icon\">\n\t\t\t\t\t\t\t\t\t\t\t\t\t\t\t\t\t<\/div>\n\t\t\t\t\t\t\t<\/div>\n\t\t\t\t\t\t\n\t\t\t\t\t\t\n\t\t\t\t\t\t\t\t\t\t\t<\/div>\n\t\t\t\t<\/div>\n\t\t\t<\/div>\n\t\t\t<div class=\"elementor-flip-box__layer elementor-flip-box__back\">\n\t\t\t<div class=\"elementor-flip-box__layer__overlay\">\n\t\t\t\t<div class=\"elementor-flip-box__layer__inner\">\n\t\t\t\t\t\n\t\t\t\t\t\n\t\t\t\t\t\t\t\t<\/div>\n\t\t<\/div>\n\t\t<\/div>\n\t\t<\/div>\n\t\t\t\t\t\t<\/div>\n\t\t\t\t<div class=\"elementor-element elementor-element-b6755e3 elementor-widget elementor-widget-heading\" data-id=\"b6755e3\" data-element_type=\"widget\" data-e-type=\"widget\" data-widget_type=\"heading.default\">\n\t\t\t\t\t<h3 class=\"elementor-heading-title elementor-size-default\">Sven <br> Eisenmann<\/h3>\t\t\t\t<\/div>\n\t\t\t\t<\/div>\n\t\t<div class=\"elementor-element elementor-element-1349cf5 e-con-full e-flex e-con e-child\" data-id=\"1349cf5\" data-element_type=\"container\" data-e-type=\"container\">\n\t\t\t\t<div class=\"elementor-element elementor-element-6f4706d elementor-flip-box--effect-fade elementor-widget elementor-widget-flip-box\" data-id=\"6f4706d\" data-element_type=\"widget\" data-e-type=\"widget\" data-widget_type=\"flip-box.default\">\n\t\t\t\t\t\t\t<div class=\"elementor-flip-box\" tabindex=\"0\">\n\t\t\t<div class=\"elementor-flip-box__layer elementor-flip-box__front\">\n\t\t\t\t<div class=\"elementor-flip-box__layer__overlay\">\n\t\t\t\t\t<div class=\"elementor-flip-box__layer__inner\">\n\t\t\t\t\t\t\t\t\t\t\t\t\t<div class=\"elementor-icon-wrapper elementor-view-default\">\n\t\t\t\t\t\t\t\t<div class=\"elementor-icon\">\n\t\t\t\t\t\t\t\t\t\t\t\t\t\t\t\t\t<\/div>\n\t\t\t\t\t\t\t<\/div>\n\t\t\t\t\t\t\n\t\t\t\t\t\t\n\t\t\t\t\t\t\t\t\t\t\t<\/div>\n\t\t\t\t<\/div>\n\t\t\t<\/div>\n\t\t\t<div class=\"elementor-flip-box__layer elementor-flip-box__back\">\n\t\t\t<div class=\"elementor-flip-box__layer__overlay\">\n\t\t\t\t<div class=\"elementor-flip-box__layer__inner\">\n\t\t\t\t\t\n\t\t\t\t\t\n\t\t\t\t\t\t\t\t<\/div>\n\t\t<\/div>\n\t\t<\/div>\n\t\t<\/div>\n\t\t\t\t\t\t<\/div>\n\t\t\t\t<div class=\"elementor-element elementor-element-82ce91f elementor-widget elementor-widget-heading\" data-id=\"82ce91f\" data-element_type=\"widget\" data-e-type=\"widget\" data-widget_type=\"heading.default\">\n\t\t\t\t\t<h3 class=\"elementor-heading-title elementor-size-default\">Kevin <br> Jenny<\/h3>\t\t\t\t<\/div>\n\t\t\t\t<\/div>\n\t\t\t\t<\/div>\n\t\t\t\t\t<\/div>\n\t\t\t\t<\/div>\n\t\t<div class=\"elementor-element elementor-element-2e9153c e-flex e-con-boxed e-con e-parent\" data-id=\"2e9153c\" data-element_type=\"container\" data-e-type=\"container\" id=\"kontakt\" data-settings=\"{&quot;background_background&quot;:&quot;classic&quot;}\">\n\t\t\t\t\t<div class=\"e-con-inner\">\n\t\t\t\t<div class=\"elementor-element elementor-element-6ecfb83 elementor-widget elementor-widget-heading\" data-id=\"6ecfb83\" data-element_type=\"widget\" data-e-type=\"widget\" data-widget_type=\"heading.default\">\n\t\t\t\t\t<h2 class=\"elementor-heading-title elementor-size-default\">Formulaire de contact<\/h2>\t\t\t\t<\/div>\n\t\t\t\t<div class=\"elementor-element elementor-element-f42aea9 elementor-button-align-center elementor-widget elementor-widget-form\" data-id=\"f42aea9\" data-element_type=\"widget\" data-e-type=\"widget\" data-settings=\"{&quot;step_next_label&quot;:&quot;Suivant&quot;,&quot;step_previous_label&quot;:&quot;Pr\\u00e9c\\u00e9dent&quot;,&quot;step_type&quot;:&quot;number_text&quot;,&quot;step_icon_shape&quot;:&quot;circle&quot;}\" data-widget_type=\"form.default\">\n\t\t\t\t\t\t\t<form class=\"elementor-form\" method=\"post\" name=\"Nouveau formulaire\" aria-label=\"Nouveau formulaire\">\n\t\t\t<input type=\"hidden\" name=\"post_id\" value=\"1628\"\/>\n\t\t\t<input type=\"hidden\" name=\"form_id\" value=\"f42aea9\"\/>\n\t\t\t<input type=\"hidden\" name=\"referer_title\" value=\"\u00c0 propos de nous - Wild Salmon Choice\" \/>\n\n\t\t\t\t\t\t\t<input type=\"hidden\" name=\"queried_id\" value=\"1628\"\/>\n\t\t\t\n\t\t\t<div class=\"elementor-form-fields-wrapper elementor-labels-above\">\n\t\t\t\t\t\t\t\t<div class=\"elementor-field-type-text elementor-field-group elementor-column elementor-field-group-name elementor-col-100\">\n\t\t\t\t\t\t\t\t\t\t\t\t<label for=\"form-field-name\" class=\"elementor-field-label\">\n\t\t\t\t\t\t\t\tNom\t\t\t\t\t\t\t<\/label>\n\t\t\t\t\t\t\t\t\t\t\t\t\t\t<input size=\"1\" type=\"text\" name=\"form_fields[name]\" id=\"form-field-name\" class=\"elementor-field elementor-size-sm  elementor-field-textual\" placeholder=\"Nom\">\n\t\t\t\t\t\t\t\t\t\t\t<\/div>\n\t\t\t\t\t\t\t\t<div class=\"elementor-field-type-text elementor-field-group elementor-column elementor-field-group-field_a13c923 elementor-col-100\">\n\t\t\t\t\t\t\t\t\t\t\t\t<label for=\"form-field-field_a13c923\" class=\"elementor-field-label\">\n\t\t\t\t\t\t\t\tPr\u00e9nom\t\t\t\t\t\t\t<\/label>\n\t\t\t\t\t\t\t\t\t\t\t\t\t\t<input size=\"1\" type=\"text\" name=\"form_fields[field_a13c923]\" id=\"form-field-field_a13c923\" class=\"elementor-field elementor-size-sm  elementor-field-textual\" placeholder=\"Pr\u00e9nom\">\n\t\t\t\t\t\t\t\t\t\t\t<\/div>\n\t\t\t\t\t\t\t\t<div class=\"elementor-field-type-email elementor-field-group elementor-column elementor-field-group-email elementor-col-100 elementor-field-required\">\n\t\t\t\t\t\t\t\t\t\t\t\t<label for=\"form-field-email\" class=\"elementor-field-label\">\n\t\t\t\t\t\t\t\tEmail\t\t\t\t\t\t\t<\/label>\n\t\t\t\t\t\t\t\t\t\t\t\t\t\t<input size=\"1\" type=\"email\" name=\"form_fields[email]\" id=\"form-field-email\" class=\"elementor-field elementor-size-sm  elementor-field-textual\" placeholder=\"Email\" required=\"required\">\n\t\t\t\t\t\t\t\t\t\t\t<\/div>\n\t\t\t\t\t\t\t\t<div class=\"elementor-field-type-textarea elementor-field-group elementor-column elementor-field-group-message elementor-col-100\">\n\t\t\t\t\t\t\t\t\t\t\t\t<label for=\"form-field-message\" class=\"elementor-field-label\">\n\t\t\t\t\t\t\t\tNachricht\t\t\t\t\t\t\t<\/label>\n\t\t\t\t\t\t<textarea class=\"elementor-field-textual elementor-field  elementor-size-sm\" name=\"form_fields[message]\" id=\"form-field-message\" rows=\"4\" placeholder=\"Nachricht\"><\/textarea>\t\t\t\t<\/div>\n\t\t\t\t\t\t\t\t<div class=\"elementor-field-group elementor-column elementor-field-type-submit elementor-col-100 e-form__buttons\">\n\t\t\t\t\t<button class=\"elementor-button elementor-size-sm\" type=\"submit\">\n\t\t\t\t\t\t<span class=\"elementor-button-content-wrapper\">\n\t\t\t\t\t\t\t\t\t\t\t\t\t\t\t\t\t\t\t\t\t\t<span class=\"elementor-button-text\">Envoyer<\/span>\n\t\t\t\t\t\t\t\t\t\t\t\t\t<\/span>\n\t\t\t\t\t<\/button>\n\t\t\t\t<\/div>\n\t\t\t<\/div>\n\t\t<\/form>\n\t\t\t\t\t\t<\/div>\n\t\t\t\t\t<\/div>\n\t\t\t\t<\/div>\n\t\t<div class=\"elementor-element elementor-element-c0f5f7e e-flex e-con-boxed e-con e-parent\" data-id=\"c0f5f7e\" data-element_type=\"container\" data-e-type=\"container\">\n\t\t\t\t\t<div class=\"e-con-inner\">\n\t\t\t\t<div class=\"elementor-element elementor-element-59a4e67 elementor-widget elementor-widget-gallery\" data-id=\"59a4e67\" data-element_type=\"widget\" data-e-type=\"widget\" data-settings=\"{&quot;gallery_layout&quot;:&quot;masonry&quot;,&quot;columns&quot;:3,&quot;lazyload&quot;:&quot;yes&quot;,&quot;columns_tablet&quot;:2,&quot;columns_mobile&quot;:1,&quot;gap&quot;:{&quot;unit&quot;:&quot;px&quot;,&quot;size&quot;:10,&quot;sizes&quot;:[]},&quot;gap_tablet&quot;:{&quot;unit&quot;:&quot;px&quot;,&quot;size&quot;:10,&quot;sizes&quot;:[]},&quot;gap_mobile&quot;:{&quot;unit&quot;:&quot;px&quot;,&quot;size&quot;:10,&quot;sizes&quot;:[]},&quot;link_to&quot;:&quot;file&quot;,&quot;overlay_background&quot;:&quot;yes&quot;,&quot;content_hover_animation&quot;:&quot;fade-in&quot;}\" data-widget_type=\"gallery.default\">\n\t\t\t\t\t\t\t<div class=\"elementor-gallery__container\">\n\t\t\t\t\t\t\t<a class=\"e-gallery-item elementor-gallery-item elementor-animated-content\" href=\"https:\/\/wildlachs-wsc.ch\/wp-content\/uploads\/2025\/07\/WhatsApp-Bild-Juni-14-2025-2.jpeg\" data-elementor-open-lightbox=\"yes\" data-elementor-lightbox-slideshow=\"59a4e67\" data-elementor-lightbox-title=\"WhatsApp Bild Juni 14 2025 (2)\" data-e-action-hash=\"#elementor-action%3Aaction%3Dlightbox%26settings%3DeyJpZCI6MTYyMiwidXJsIjoiaHR0cHM6XC9cL3dpbGRsYWNocy13c2MuY2hcL3dwLWNvbnRlbnRcL3VwbG9hZHNcLzIwMjVcLzA3XC9XaGF0c0FwcC1CaWxkLUp1bmktMTQtMjAyNS0yLmpwZWciLCJzbGlkZXNob3ciOiI1OWE0ZTY3In0%3D\">\n\t\t\t\t\t<div class=\"e-gallery-image elementor-gallery-item__image\" data-thumbnail=\"https:\/\/wildlachs-wsc.ch\/wp-content\/uploads\/2025\/07\/WhatsApp-Bild-Juni-14-2025-2-300x225.jpeg\" data-width=\"300\" data-height=\"225\" aria-label=\"\" role=\"img\" ><\/div>\n\t\t\t\t\t\t\t\t\t\t\t<div class=\"elementor-gallery-item__overlay\"><\/div>\n\t\t\t\t\t\t\t\t\t\t\t\t\t\t<\/a>\n\t\t\t\t\t\t\t<a class=\"e-gallery-item elementor-gallery-item elementor-animated-content\" href=\"https:\/\/wildlachs-wsc.ch\/wp-content\/uploads\/2025\/07\/WhatsApp-Bild-vom-14.-Juni-2025-1.jpeg\" data-elementor-open-lightbox=\"yes\" data-elementor-lightbox-slideshow=\"59a4e67\" data-elementor-lightbox-title=\"WhatsApp Bild vom 14. Juni 2025 (1)\" data-e-action-hash=\"#elementor-action%3Aaction%3Dlightbox%26settings%3DeyJpZCI6MTYyNCwidXJsIjoiaHR0cHM6XC9cL3dpbGRsYWNocy13c2MuY2hcL3dwLWNvbnRlbnRcL3VwbG9hZHNcLzIwMjVcLzA3XC9XaGF0c0FwcC1CaWxkLXZvbS0xNC4tSnVuaS0yMDI1LTEuanBlZyIsInNsaWRlc2hvdyI6IjU5YTRlNjcifQ%3D%3D\">\n\t\t\t\t\t<div class=\"e-gallery-image elementor-gallery-item__image\" data-thumbnail=\"https:\/\/wildlachs-wsc.ch\/wp-content\/uploads\/2025\/07\/WhatsApp-Bild-vom-14.-Juni-2025-1-225x300.jpeg\" data-width=\"225\" data-height=\"300\" aria-label=\"\" role=\"img\" ><\/div>\n\t\t\t\t\t\t\t\t\t\t\t<div class=\"elementor-gallery-item__overlay\"><\/div>\n\t\t\t\t\t\t\t\t\t\t\t\t\t\t<\/a>\n\t\t\t\t\t\t\t<a class=\"e-gallery-item elementor-gallery-item elementor-animated-content\" href=\"https:\/\/wildlachs-wsc.ch\/wp-content\/uploads\/2025\/07\/kevin-fischen.jpg\" data-elementor-open-lightbox=\"yes\" data-elementor-lightbox-slideshow=\"59a4e67\" data-elementor-lightbox-title=\"kevin-fischen\" data-e-action-hash=\"#elementor-action%3Aaction%3Dlightbox%26settings%3DeyJpZCI6MTYyNiwidXJsIjoiaHR0cHM6XC9cL3dpbGRsYWNocy13c2MuY2hcL3dwLWNvbnRlbnRcL3VwbG9hZHNcLzIwMjVcLzA3XC9rZXZpbi1maXNjaGVuLmpwZyIsInNsaWRlc2hvdyI6IjU5YTRlNjcifQ%3D%3D\">\n\t\t\t\t\t<div class=\"e-gallery-image elementor-gallery-item__image\" data-thumbnail=\"https:\/\/wildlachs-wsc.ch\/wp-content\/uploads\/2025\/07\/kevin-fischen.jpg\" data-width=\"212\" data-height=\"159\" aria-label=\"\" role=\"img\" ><\/div>\n\t\t\t\t\t\t\t\t\t\t\t<div class=\"elementor-gallery-item__overlay\"><\/div>\n\t\t\t\t\t\t\t\t\t\t\t\t\t\t<\/a>\n\t\t\t\t\t\t\t<a class=\"e-gallery-item elementor-gallery-item elementor-animated-content\" href=\"https:\/\/wildlachs-wsc.ch\/wp-content\/uploads\/2025\/07\/sascha-fischen.jpg\" data-elementor-open-lightbox=\"yes\" data-elementor-lightbox-slideshow=\"59a4e67\" data-elementor-lightbox-title=\"sascha-fischen\" data-e-action-hash=\"#elementor-action%3Aaction%3Dlightbox%26settings%3DeyJpZCI6MTYyNywidXJsIjoiaHR0cHM6XC9cL3dpbGRsYWNocy13c2MuY2hcL3dwLWNvbnRlbnRcL3VwbG9hZHNcLzIwMjVcLzA3XC9zYXNjaGEtZmlzY2hlbi5qcGciLCJzbGlkZXNob3ciOiI1OWE0ZTY3In0%3D\">\n\t\t\t\t\t<div class=\"e-gallery-image elementor-gallery-item__image\" data-thumbnail=\"https:\/\/wildlachs-wsc.ch\/wp-content\/uploads\/2025\/07\/sascha-fischen.jpg\" data-width=\"173\" data-height=\"173\" aria-label=\"\" role=\"img\" ><\/div>\n\t\t\t\t\t\t\t\t\t\t\t<div class=\"elementor-gallery-item__overlay\"><\/div>\n\t\t\t\t\t\t\t\t\t\t\t\t\t\t<\/a>\n\t\t\t\t\t\t\t<a class=\"e-gallery-item elementor-gallery-item elementor-animated-content\" href=\"https:\/\/wildlachs-wsc.ch\/wp-content\/uploads\/2025\/07\/WhatsApp-Image-2025-06-14-at-23.05.03.jpeg\" data-elementor-open-lightbox=\"yes\" data-elementor-lightbox-slideshow=\"59a4e67\" data-elementor-lightbox-title=\"WhatsApp Image 2025-06-14 at 23.05.03\" data-e-action-hash=\"#elementor-action%3Aaction%3Dlightbox%26settings%3DeyJpZCI6MTYyMywidXJsIjoiaHR0cHM6XC9cL3dpbGRsYWNocy13c2MuY2hcL3dwLWNvbnRlbnRcL3VwbG9hZHNcLzIwMjVcLzA3XC9XaGF0c0FwcC1JbWFnZS0yMDI1LTA2LTE0LWF0LTIzLjA1LjAzLmpwZWciLCJzbGlkZXNob3ciOiI1OWE0ZTY3In0%3D\">\n\t\t\t\t\t<div class=\"e-gallery-image elementor-gallery-item__image\" data-thumbnail=\"https:\/\/wildlachs-wsc.ch\/wp-content\/uploads\/2025\/07\/WhatsApp-Image-2025-06-14-at-23.05.03-300x225.jpeg\" data-width=\"300\" data-height=\"225\" aria-label=\"\" role=\"img\" ><\/div>\n\t\t\t\t\t\t\t\t\t\t\t<div class=\"elementor-gallery-item__overlay\"><\/div>\n\t\t\t\t\t\t\t\t\t\t\t\t\t\t<\/a>\n\t\t\t\t\t\t\t<a class=\"e-gallery-item elementor-gallery-item elementor-animated-content\" href=\"https:\/\/wildlachs-wsc.ch\/wp-content\/uploads\/2025\/07\/WhatsApp-Bild-Juni-14-2025-3.jpeg\" data-elementor-open-lightbox=\"yes\" data-elementor-lightbox-slideshow=\"59a4e67\" data-elementor-lightbox-title=\"WhatsApp Bild Juni 14 2025 (3)\" data-e-action-hash=\"#elementor-action%3Aaction%3Dlightbox%26settings%3DeyJpZCI6MTYyMSwidXJsIjoiaHR0cHM6XC9cL3dpbGRsYWNocy13c2MuY2hcL3dwLWNvbnRlbnRcL3VwbG9hZHNcLzIwMjVcLzA3XC9XaGF0c0FwcC1CaWxkLUp1bmktMTQtMjAyNS0zLmpwZWciLCJzbGlkZXNob3ciOiI1OWE0ZTY3In0%3D\">\n\t\t\t\t\t<div class=\"e-gallery-image elementor-gallery-item__image\" data-thumbnail=\"https:\/\/wildlachs-wsc.ch\/wp-content\/uploads\/2025\/07\/WhatsApp-Bild-Juni-14-2025-3-300x225.jpeg\" data-width=\"300\" data-height=\"225\" aria-label=\"\" role=\"img\" ><\/div>\n\t\t\t\t\t\t\t\t\t\t\t<div class=\"elementor-gallery-item__overlay\"><\/div>\n\t\t\t\t\t\t\t\t\t\t\t\t\t\t<\/a>\n\t\t\t\t\t\t\t<a class=\"e-gallery-item elementor-gallery-item elementor-animated-content\" href=\"https:\/\/wildlachs-wsc.ch\/wp-content\/uploads\/2025\/07\/sven-fischen.jpg\" data-elementor-open-lightbox=\"yes\" data-elementor-lightbox-slideshow=\"59a4e67\" data-elementor-lightbox-title=\"sven-fischen\" data-e-action-hash=\"#elementor-action%3Aaction%3Dlightbox%26settings%3DeyJpZCI6MTYyNSwidXJsIjoiaHR0cHM6XC9cL3dpbGRsYWNocy13c2MuY2hcL3dwLWNvbnRlbnRcL3VwbG9hZHNcLzIwMjVcLzA3XC9zdmVuLWZpc2NoZW4uanBnIiwic2xpZGVzaG93IjoiNTlhNGU2NyJ9\">\n\t\t\t\t\t<div class=\"e-gallery-image elementor-gallery-item__image\" data-thumbnail=\"https:\/\/wildlachs-wsc.ch\/wp-content\/uploads\/2025\/07\/sven-fischen.jpg\" data-width=\"244\" data-height=\"162\" aria-label=\"\" role=\"img\" ><\/div>\n\t\t\t\t\t\t\t\t\t\t\t<div class=\"elementor-gallery-item__overlay\"><\/div>\n\t\t\t\t\t\t\t\t\t\t\t\t\t\t<\/a>\n\t\t\t\t\t<\/div>\n\t\t\t\t\t<\/div>\n\t\t\t\t\t<\/div>\n\t\t\t\t<\/div>\n\t\t\t\t<\/div>\n\t\t","protected":false},"excerpt":{"rendered":"<p>\u00e0 propos de nous UN MORCEAU D\u2019ALASKA CHEZ VOUS Bienvenue, heureux que vous ayez trouv\u00e9 notre site ! Nous vous apportons un v\u00e9ritable morceau de nature intacte directement dans votre assiette : du saumon sauvage et des fruits de mer s\u00e9lectionn\u00e9s provenant des eaux froides et claires de l&rsquo;Alaska. Sacha R\u00f6thlisberger, membre fondateur, a trouv\u00e9 [&hellip;]<\/p>\n","protected":false},"author":1,"featured_media":0,"parent":0,"menu_order":0,"comment_status":"closed","ping_status":"closed","template":"","meta":{"footnotes":""},"class_list":["post-1628","page","type-page","status-publish","hentry"],"_links":{"self":[{"href":"https:\/\/wildlachs-wsc.ch\/fr\/wp-json\/wp\/v2\/pages\/1628","targetHints":{"allow":["GET"]}}],"collection":[{"href":"https:\/\/wildlachs-wsc.ch\/fr\/wp-json\/wp\/v2\/pages"}],"about":[{"href":"https:\/\/wildlachs-wsc.ch\/fr\/wp-json\/wp\/v2\/types\/page"}],"author":[{"embeddable":true,"href":"https:\/\/wildlachs-wsc.ch\/fr\/wp-json\/wp\/v2\/users\/1"}],"replies":[{"embeddable":true,"href":"https:\/\/wildlachs-wsc.ch\/fr\/wp-json\/wp\/v2\/comments?post=1628"}],"version-history":[{"count":17,"href":"https:\/\/wildlachs-wsc.ch\/fr\/wp-json\/wp\/v2\/pages\/1628\/revisions"}],"predecessor-version":[{"id":2219,"href":"https:\/\/wildlachs-wsc.ch\/fr\/wp-json\/wp\/v2\/pages\/1628\/revisions\/2219"}],"wp:attachment":[{"href":"https:\/\/wildlachs-wsc.ch\/fr\/wp-json\/wp\/v2\/media?parent=1628"}],"curies":[{"name":"wp","href":"https:\/\/api.w.org\/{rel}","templated":true}]}}