{"id":1612,"date":"2025-07-15T08:40:39","date_gmt":"2025-07-15T06:40:39","guid":{"rendered":"https:\/\/wildlachs-wsc.ch\/page-daccueil\/"},"modified":"2025-10-23T21:55:25","modified_gmt":"2025-10-23T19:55:25","slug":"page-daccueil","status":"publish","type":"page","link":"https:\/\/wildlachs-wsc.ch\/fr\/","title":{"rendered":"Page d&rsquo;accueil"},"content":{"rendered":"\t\t<div data-elementor-type=\"wp-page\" data-elementor-id=\"1612\" class=\"elementor elementor-1612 elementor-12\" wpc-filter-elementor-widget=\"1\" data-elementor-post-type=\"page\">\n\t\t\t\t<div class=\"elementor-element elementor-element-bebbe0b e-flex e-con-boxed e-con e-parent\" data-id=\"bebbe0b\" data-element_type=\"container\" data-e-type=\"container\" data-settings=\"{&quot;background_background&quot;:&quot;classic&quot;}\">\n\t\t\t\t\t<div class=\"e-con-inner\">\n\t\t\t\t<div class=\"elementor-element elementor-element-8432e3d elementor-widget__width-initial elementor-widget elementor-widget-image\" data-id=\"8432e3d\" data-element_type=\"widget\" data-e-type=\"widget\" data-widget_type=\"image.default\">\n\t\t\t\t\t\t\t\t\t\t\t\t\t\t\t<img fetchpriority=\"high\" decoding=\"async\" width=\"800\" height=\"663\" src=\"https:\/\/wildlachs-wsc.ch\/wp-content\/uploads\/2025\/07\/WSC-Logo_Logo-Weiss-1024x849.png\" class=\"attachment-large size-large wp-image-1600\" alt=\"\" srcset=\"https:\/\/wildlachs-wsc.ch\/wp-content\/uploads\/2025\/07\/WSC-Logo_Logo-Weiss-1024x849.png 1024w, https:\/\/wildlachs-wsc.ch\/wp-content\/uploads\/2025\/07\/WSC-Logo_Logo-Weiss-600x497.png 600w, https:\/\/wildlachs-wsc.ch\/wp-content\/uploads\/2025\/07\/WSC-Logo_Logo-Weiss-300x249.png 300w, https:\/\/wildlachs-wsc.ch\/wp-content\/uploads\/2025\/07\/WSC-Logo_Logo-Weiss-768x637.png 768w, https:\/\/wildlachs-wsc.ch\/wp-content\/uploads\/2025\/07\/WSC-Logo_Logo-Weiss.png 1461w\" sizes=\"(max-width: 800px) 100vw, 800px\" \/>\t\t\t\t\t\t\t\t\t\t\t\t\t\t\t<\/div>\n\t\t\t\t<div class=\"elementor-element elementor-element-1e7dfe9 elementor-align-center elementor-widget elementor-widget-button\" data-id=\"1e7dfe9\" data-element_type=\"widget\" data-e-type=\"widget\" data-widget_type=\"button.default\">\n\t\t\t\t\t\t\t\t\t\t<a class=\"elementor-button elementor-button-link elementor-size-sm elementor-animation-grow\" href=\"#rightchoice\">\n\t\t\t\t\t\t<span class=\"elementor-button-content-wrapper\">\n\t\t\t\t\t\t<span class=\"elementor-button-icon\">\n\t\t\t\t<svg aria-hidden=\"true\" class=\"e-font-icon-svg e-fas-arrow-down\" viewBox=\"0 0 448 512\" xmlns=\"http:\/\/www.w3.org\/2000\/svg\"><path d=\"M413.1 222.5l22.2 22.2c9.4 9.4 9.4 24.6 0 33.9L241 473c-9.4 9.4-24.6 9.4-33.9 0L12.7 278.6c-9.4-9.4-9.4-24.6 0-33.9l22.2-22.2c9.5-9.5 25-9.3 34.3.4L184 343.4V56c0-13.3 10.7-24 24-24h32c13.3 0 24 10.7 24 24v287.4l114.8-120.5c9.3-9.8 24.8-10 34.3-.4z\"><\/path><\/svg>\t\t\t<\/span>\n\t\t\t\t\t\t\t\t<\/span>\n\t\t\t\t\t<\/a>\n\t\t\t\t\t\t\t\t<\/div>\n\t\t\t\t\t<\/div>\n\t\t\t\t<\/div>\n\t\t<div class=\"elementor-element elementor-element-ec3bd81 e-flex e-con-boxed e-con e-parent\" data-id=\"ec3bd81\" data-element_type=\"container\" data-e-type=\"container\" id=\"rightchoice\" data-settings=\"{&quot;background_background&quot;:&quot;classic&quot;}\">\n\t\t\t\t\t<div class=\"e-con-inner\">\n\t\t<div class=\"elementor-element elementor-element-da355c8 e-con-full e-flex e-con e-child\" data-id=\"da355c8\" data-element_type=\"container\" data-e-type=\"container\">\n\t\t\t\t<div class=\"elementor-element elementor-element-f1fc954 elementor-widget elementor-widget-heading\" data-id=\"f1fc954\" data-element_type=\"widget\" data-e-type=\"widget\" data-widget_type=\"heading.default\">\n\t\t\t\t\t<h1 class=\"elementor-heading-title elementor-size-default\">Bon choix<\/h1>\t\t\t\t<\/div>\n\t\t\t\t<div class=\"elementor-element elementor-element-1a9ef9a elementor-widget elementor-widget-text-editor\" data-id=\"1a9ef9a\" data-element_type=\"widget\" data-e-type=\"widget\" data-widget_type=\"text-editor.default\">\n\t\t\t\t\t\t\t\t\t<h3>Sp\u00e9cialit\u00e9s d&rsquo;Alaska, saumon sauvage rouge, saumon royal, saumon argent\u00e9 et fruits de mer<\/h3><p>Bienvenue, nous sommes ravis de l&rsquo;int\u00e9r\u00eat que vous nous portez&nbsp;!<br>Avec notre saumon sauvage et nos fruits de mer directement d&rsquo;Alaska, nous souhaitons vous offrir la possibilit\u00e9 de savourer un morceau de nature sauvage chez vous.<\/p><p>Sauvage \u2013 naturel \u2013 sain<\/p><h3> <\/h3><h3>Les caract\u00e9ristiques suivantes distinguent notre saumon sauvage :<\/h3><ul><li>go\u00fbt unique et naturel<\/li><li>p\u00eache durable, les quotas de p\u00eache en Alaska sont strictement r\u00e9glement\u00e9s afin de garantir la conservation des esp\u00e8ces et de ne pas mettre en danger la reproduction<\/li><li>acides gras om\u00e9ga-3 sains<\/li><\/ul>\t\t\t\t\t\t\t\t<\/div>\n\t\t\t\t<div class=\"elementor-element elementor-element-4505109 elementor-align-left elementor-mobile-align-left elementor-widget elementor-widget-button\" data-id=\"4505109\" data-element_type=\"widget\" data-e-type=\"widget\" data-widget_type=\"button.default\">\n\t\t\t\t\t\t\t\t\t\t<a class=\"elementor-button elementor-button-link elementor-size-sm elementor-animation-grow\" href=\"https:\/\/wildlachs-wsc.ch\/fr\/onlineshop\/\">\n\t\t\t\t\t\t<span class=\"elementor-button-content-wrapper\">\n\t\t\t\t\t\t\t\t\t<span class=\"elementor-button-text\">Boutique<\/span>\n\t\t\t\t\t<\/span>\n\t\t\t\t\t<\/a>\n\t\t\t\t\t\t\t\t<\/div>\n\t\t\t\t<\/div>\n\t\t<div class=\"elementor-element elementor-element-0d071cb e-con-full e-flex e-con e-child\" data-id=\"0d071cb\" data-element_type=\"container\" data-e-type=\"container\" data-settings=\"{&quot;background_background&quot;:&quot;classic&quot;}\">\n\t\t\t\t<\/div>\n\t\t\t\t\t<\/div>\n\t\t\t\t<\/div>\n\t\t<div class=\"elementor-element elementor-element-7d6b125 animated-slow e-flex e-con-boxed elementor-invisible e-con e-parent\" data-id=\"7d6b125\" data-element_type=\"container\" data-e-type=\"container\" data-settings=\"{&quot;background_background&quot;:&quot;classic&quot;,&quot;animation&quot;:&quot;fadeIn&quot;}\">\n\t\t\t\t\t<div class=\"e-con-inner\">\n\t\t<div class=\"elementor-element elementor-element-277d434 e-con-full e-flex e-con e-child\" data-id=\"277d434\" data-element_type=\"container\" data-e-type=\"container\" data-settings=\"{&quot;background_background&quot;:&quot;classic&quot;}\">\n\t\t\t\t<\/div>\n\t\t<div class=\"elementor-element elementor-element-6a9b549 e-con-full e-flex e-con e-child\" data-id=\"6a9b549\" data-element_type=\"container\" data-e-type=\"container\">\n\t\t\t\t<div class=\"elementor-element elementor-element-04d238b elementor-widget elementor-widget-heading\" data-id=\"04d238b\" data-element_type=\"widget\" data-e-type=\"widget\" data-widget_type=\"heading.default\">\n\t\t\t\t\t<h2 class=\"elementor-heading-title elementor-size-default\">Ta prise<\/h2>\t\t\t\t<\/div>\n\t\t\t\t<div class=\"elementor-element elementor-element-9ac90fe elementor-widget elementor-widget-heading\" data-id=\"9ac90fe\" data-element_type=\"widget\" data-e-type=\"widget\" data-widget_type=\"heading.default\">\n\t\t\t\t\t<h3 class=\"elementor-heading-title elementor-size-default\">Quoi de plus beau que de d\u00e9guster son propre poisson p\u00each\u00e9 avec sa famille ou ses amis&nbsp;?<\/h3>\t\t\t\t<\/div>\n\t\t\t\t<div class=\"elementor-element elementor-element-097335f elementor-widget elementor-widget-text-editor\" data-id=\"097335f\" data-element_type=\"widget\" data-e-type=\"widget\" data-widget_type=\"text-editor.default\">\n\t\t\t\t\t\t\t\t\t<p>Vous avez la possibilit\u00e9 de faire transformer votre poisson p\u00each\u00e9 en Alaska sur place \u00e0 Anchorage par notre partenaire Alaska Sausage and Seafood. Indiquez \u00e0 votre lodge que votre saumon doit \u00eatre transform\u00e9 par Alaska Sausage and Seafood. <br> <br>Martin Eckmann organise pour vous l&rsquo;importation en Suisse. Vous recevrez une date de livraison approximative et serez inform\u00e9 une semaine avant l&rsquo;arriv\u00e9e de la marchandise et pourrez retirer le saumon chez notre partenaire Fleisch und Brau \u00e0 1715 Alterswil. <\/p>\t\t\t\t\t\t\t\t<\/div>\n\t\t\t\t<div class=\"elementor-element elementor-element-9549e60 elementor-align-left elementor-tablet-align-left elementor-mobile-align-left elementor-widget elementor-widget-button\" data-id=\"9549e60\" data-element_type=\"widget\" data-e-type=\"widget\" data-widget_type=\"button.default\">\n\t\t\t\t\t\t\t\t\t\t<a class=\"elementor-button elementor-button-link elementor-size-sm elementor-animation-grow\" href=\"https:\/\/wildlachs-wsc.ch\/fr\/a-propos-de-nous\/#kontakt\">\n\t\t\t\t\t\t<span class=\"elementor-button-content-wrapper\">\n\t\t\t\t\t\t\t\t\t<span class=\"elementor-button-text\">Contact<\/span>\n\t\t\t\t\t<\/span>\n\t\t\t\t\t<\/a>\n\t\t\t\t\t\t\t\t<\/div>\n\t\t\t\t<\/div>\n\t\t\t\t\t<\/div>\n\t\t\t\t<\/div>\n\t\t<div class=\"elementor-element elementor-element-38b3a14 e-flex e-con-boxed e-con e-parent\" data-id=\"38b3a14\" data-element_type=\"container\" data-e-type=\"container\" data-settings=\"{&quot;background_background&quot;:&quot;classic&quot;}\">\n\t\t\t\t\t<div class=\"e-con-inner\">\n\t\t<div class=\"elementor-element elementor-element-d3c361b e-con-full e-flex e-con e-child\" data-id=\"d3c361b\" data-element_type=\"container\" data-e-type=\"container\" id=\"partner\">\n\t\t\t\t<div class=\"elementor-element elementor-element-2c52bd8 elementor-widget elementor-widget-heading\" data-id=\"2c52bd8\" data-element_type=\"widget\" data-e-type=\"widget\" data-widget_type=\"heading.default\">\n\t\t\t\t\t<h2 class=\"elementor-heading-title elementor-size-default\">Partenaires<\/h2>\t\t\t\t<\/div>\n\t\t\t\t<\/div>\n\t\t<div class=\"elementor-element elementor-element-8945d32 e-grid e-con-full e-con e-child\" data-id=\"8945d32\" data-element_type=\"container\" data-e-type=\"container\">\n\t\t\t\t<div class=\"elementor-element elementor-element-fbf9fbe elementor-widget elementor-widget-image\" data-id=\"fbf9fbe\" data-element_type=\"widget\" data-e-type=\"widget\" data-widget_type=\"image.default\">\n\t\t\t\t\t\t\t\t\t\t\t\t\t\t\t\t<a href=\"https:\/\/www.alaskasausage.com\/\" target=\"_blank\" rel=\"noopener\">\n\t\t\t\t\t\t\t<img decoding=\"async\" width=\"800\" height=\"800\" src=\"https:\/\/wildlachs-wsc.ch\/wp-content\/uploads\/2025\/09\/Logo_alaska-seafood-1-1024x1024.png\" class=\"attachment-large size-large wp-image-1605\" alt=\"\" srcset=\"https:\/\/wildlachs-wsc.ch\/wp-content\/uploads\/2025\/09\/Logo_alaska-seafood-1-1024x1024.png 1024w, https:\/\/wildlachs-wsc.ch\/wp-content\/uploads\/2025\/09\/Logo_alaska-seafood-1-300x300.png 300w, https:\/\/wildlachs-wsc.ch\/wp-content\/uploads\/2025\/09\/Logo_alaska-seafood-1-100x100.png 100w, https:\/\/wildlachs-wsc.ch\/wp-content\/uploads\/2025\/09\/Logo_alaska-seafood-1-600x600.png 600w, https:\/\/wildlachs-wsc.ch\/wp-content\/uploads\/2025\/09\/Logo_alaska-seafood-1-150x150.png 150w, https:\/\/wildlachs-wsc.ch\/wp-content\/uploads\/2025\/09\/Logo_alaska-seafood-1-768x768.png 768w, https:\/\/wildlachs-wsc.ch\/wp-content\/uploads\/2025\/09\/Logo_alaska-seafood-1.png 1252w\" sizes=\"(max-width: 800px) 100vw, 800px\" \/>\t\t\t\t\t\t\t\t<\/a>\n\t\t\t\t\t\t\t\t\t\t\t\t\t\t\t<\/div>\n\t\t\t\t<div class=\"elementor-element elementor-element-2b90302 elementor-widget elementor-widget-image\" data-id=\"2b90302\" data-element_type=\"widget\" data-e-type=\"widget\" data-widget_type=\"image.default\">\n\t\t\t\t\t\t\t\t\t\t\t\t\t\t\t\t<a href=\"https:\/\/www.archefonds.ch\/\" target=\"_blank\" rel=\"noopener\">\n\t\t\t\t\t\t\t<img decoding=\"async\" width=\"800\" height=\"800\" src=\"https:\/\/wildlachs-wsc.ch\/wp-content\/uploads\/2025\/09\/Logo_archefonds-1024x1024.png\" class=\"attachment-large size-large wp-image-1606\" alt=\"\" srcset=\"https:\/\/wildlachs-wsc.ch\/wp-content\/uploads\/2025\/09\/Logo_archefonds-1024x1024.png 1024w, https:\/\/wildlachs-wsc.ch\/wp-content\/uploads\/2025\/09\/Logo_archefonds-300x300.png 300w, https:\/\/wildlachs-wsc.ch\/wp-content\/uploads\/2025\/09\/Logo_archefonds-100x100.png 100w, https:\/\/wildlachs-wsc.ch\/wp-content\/uploads\/2025\/09\/Logo_archefonds-600x600.png 600w, https:\/\/wildlachs-wsc.ch\/wp-content\/uploads\/2025\/09\/Logo_archefonds-150x150.png 150w, https:\/\/wildlachs-wsc.ch\/wp-content\/uploads\/2025\/09\/Logo_archefonds-768x768.png 768w, https:\/\/wildlachs-wsc.ch\/wp-content\/uploads\/2025\/09\/Logo_archefonds.png 1252w\" sizes=\"(max-width: 800px) 100vw, 800px\" \/>\t\t\t\t\t\t\t\t<\/a>\n\t\t\t\t\t\t\t\t\t\t\t\t\t\t\t<\/div>\n\t\t\t\t<div class=\"elementor-element elementor-element-6056a28 elementor-widget elementor-widget-image\" data-id=\"6056a28\" data-element_type=\"widget\" data-e-type=\"widget\" data-widget_type=\"image.default\">\n\t\t\t\t\t\t\t\t\t\t\t\t\t\t\t\t<a href=\"https:\/\/www.gotteron.ch\/de\/Ladies\/Ladies\" target=\"_blank\" rel=\"noopener\">\n\t\t\t\t\t\t\t<img loading=\"lazy\" decoding=\"async\" width=\"800\" height=\"800\" src=\"https:\/\/wildlachs-wsc.ch\/wp-content\/uploads\/2025\/09\/Logo_gotteron-1024x1024.png\" class=\"attachment-large size-large wp-image-1607\" alt=\"\" srcset=\"https:\/\/wildlachs-wsc.ch\/wp-content\/uploads\/2025\/09\/Logo_gotteron-1024x1024.png 1024w, https:\/\/wildlachs-wsc.ch\/wp-content\/uploads\/2025\/09\/Logo_gotteron-300x300.png 300w, https:\/\/wildlachs-wsc.ch\/wp-content\/uploads\/2025\/09\/Logo_gotteron-100x100.png 100w, https:\/\/wildlachs-wsc.ch\/wp-content\/uploads\/2025\/09\/Logo_gotteron-600x600.png 600w, https:\/\/wildlachs-wsc.ch\/wp-content\/uploads\/2025\/09\/Logo_gotteron-150x150.png 150w, https:\/\/wildlachs-wsc.ch\/wp-content\/uploads\/2025\/09\/Logo_gotteron-768x768.png 768w, https:\/\/wildlachs-wsc.ch\/wp-content\/uploads\/2025\/09\/Logo_gotteron.png 1252w\" sizes=\"(max-width: 800px) 100vw, 800px\" \/>\t\t\t\t\t\t\t\t<\/a>\n\t\t\t\t\t\t\t\t\t\t\t\t\t\t\t<\/div>\n\t\t\t\t<div class=\"elementor-element elementor-element-bd56494 elementor-widget elementor-widget-image\" data-id=\"bd56494\" data-element_type=\"widget\" data-e-type=\"widget\" data-widget_type=\"image.default\">\n\t\t\t\t\t\t\t\t\t\t\t\t\t\t\t\t<a href=\"https:\/\/www.fcbruenisried.ch\/\" target=\"_blank\" rel=\"noopener\">\n\t\t\t\t\t\t\t<img loading=\"lazy\" decoding=\"async\" width=\"800\" height=\"800\" src=\"https:\/\/wildlachs-wsc.ch\/wp-content\/uploads\/2025\/09\/Logo_bruenisried-1024x1024.png\" class=\"attachment-large size-large wp-image-1608\" alt=\"\" srcset=\"https:\/\/wildlachs-wsc.ch\/wp-content\/uploads\/2025\/09\/Logo_bruenisried-1024x1024.png 1024w, https:\/\/wildlachs-wsc.ch\/wp-content\/uploads\/2025\/09\/Logo_bruenisried-300x300.png 300w, https:\/\/wildlachs-wsc.ch\/wp-content\/uploads\/2025\/09\/Logo_bruenisried-100x100.png 100w, https:\/\/wildlachs-wsc.ch\/wp-content\/uploads\/2025\/09\/Logo_bruenisried-600x600.png 600w, https:\/\/wildlachs-wsc.ch\/wp-content\/uploads\/2025\/09\/Logo_bruenisried-150x150.png 150w, https:\/\/wildlachs-wsc.ch\/wp-content\/uploads\/2025\/09\/Logo_bruenisried-768x768.png 768w, https:\/\/wildlachs-wsc.ch\/wp-content\/uploads\/2025\/09\/Logo_bruenisried.png 1252w\" sizes=\"(max-width: 800px) 100vw, 800px\" \/>\t\t\t\t\t\t\t\t<\/a>\n\t\t\t\t\t\t\t\t\t\t\t\t\t\t\t<\/div>\n\t\t\t\t<div class=\"elementor-element elementor-element-41eb850 elementor-widget elementor-widget-image\" data-id=\"41eb850\" data-element_type=\"widget\" data-e-type=\"widget\" data-widget_type=\"image.default\">\n\t\t\t\t\t\t\t\t\t\t\t\t\t\t\t\t<a href=\"https:\/\/www.senseefuture.ch\/\" target=\"_blank\" rel=\"noopener\">\n\t\t\t\t\t\t\t<img loading=\"lazy\" decoding=\"async\" width=\"800\" height=\"800\" src=\"https:\/\/wildlachs-wsc.ch\/wp-content\/uploads\/2025\/09\/Logo_sense-future-1024x1024.png\" class=\"attachment-large size-large wp-image-1609\" alt=\"\" srcset=\"https:\/\/wildlachs-wsc.ch\/wp-content\/uploads\/2025\/09\/Logo_sense-future-1024x1024.png 1024w, https:\/\/wildlachs-wsc.ch\/wp-content\/uploads\/2025\/09\/Logo_sense-future-300x300.png 300w, https:\/\/wildlachs-wsc.ch\/wp-content\/uploads\/2025\/09\/Logo_sense-future-100x100.png 100w, https:\/\/wildlachs-wsc.ch\/wp-content\/uploads\/2025\/09\/Logo_sense-future-600x600.png 600w, https:\/\/wildlachs-wsc.ch\/wp-content\/uploads\/2025\/09\/Logo_sense-future-150x150.png 150w, https:\/\/wildlachs-wsc.ch\/wp-content\/uploads\/2025\/09\/Logo_sense-future-768x768.png 768w, https:\/\/wildlachs-wsc.ch\/wp-content\/uploads\/2025\/09\/Logo_sense-future.png 1252w\" sizes=\"(max-width: 800px) 100vw, 800px\" \/>\t\t\t\t\t\t\t\t<\/a>\n\t\t\t\t\t\t\t\t\t\t\t\t\t\t\t<\/div>\n\t\t\t\t<div class=\"elementor-element elementor-element-3a39051 elementor-widget elementor-widget-image\" data-id=\"3a39051\" data-element_type=\"widget\" data-e-type=\"widget\" data-widget_type=\"image.default\">\n\t\t\t\t\t\t\t\t\t\t\t\t\t\t\t\t<a href=\"https:\/\/www.gruber-ag.ch\/\" target=\"_blank\" rel=\"noopener\">\n\t\t\t\t\t\t\t<img loading=\"lazy\" decoding=\"async\" width=\"800\" height=\"800\" src=\"https:\/\/wildlachs-wsc.ch\/wp-content\/uploads\/2025\/09\/Logo-Georges-Gruber-AG-1024x1024.png\" class=\"attachment-large size-large wp-image-1610\" alt=\"\" srcset=\"https:\/\/wildlachs-wsc.ch\/wp-content\/uploads\/2025\/09\/Logo-Georges-Gruber-AG-1024x1024.png 1024w, https:\/\/wildlachs-wsc.ch\/wp-content\/uploads\/2025\/09\/Logo-Georges-Gruber-AG-300x300.png 300w, https:\/\/wildlachs-wsc.ch\/wp-content\/uploads\/2025\/09\/Logo-Georges-Gruber-AG-100x100.png 100w, https:\/\/wildlachs-wsc.ch\/wp-content\/uploads\/2025\/09\/Logo-Georges-Gruber-AG-600x600.png 600w, https:\/\/wildlachs-wsc.ch\/wp-content\/uploads\/2025\/09\/Logo-Georges-Gruber-AG-150x150.png 150w, https:\/\/wildlachs-wsc.ch\/wp-content\/uploads\/2025\/09\/Logo-Georges-Gruber-AG-768x768.png 768w, https:\/\/wildlachs-wsc.ch\/wp-content\/uploads\/2025\/09\/Logo-Georges-Gruber-AG.png 1252w\" sizes=\"(max-width: 800px) 100vw, 800px\" \/>\t\t\t\t\t\t\t\t<\/a>\n\t\t\t\t\t\t\t\t\t\t\t\t\t\t\t<\/div>\n\t\t\t\t<div class=\"elementor-element elementor-element-06fa79d elementor-widget elementor-widget-image\" data-id=\"06fa79d\" data-element_type=\"widget\" data-e-type=\"widget\" data-widget_type=\"image.default\">\n\t\t\t\t\t\t\t\t\t\t\t\t\t\t\t\t<a href=\"https:\/\/finvalboats.ch\/\" target=\"_blank\" rel=\"noopener\">\n\t\t\t\t\t\t\t<img loading=\"lazy\" decoding=\"async\" width=\"800\" height=\"800\" src=\"https:\/\/wildlachs-wsc.ch\/wp-content\/uploads\/2025\/09\/Logo-finval-1024x1024.png\" class=\"attachment-large size-large wp-image-1611\" alt=\"\" srcset=\"https:\/\/wildlachs-wsc.ch\/wp-content\/uploads\/2025\/09\/Logo-finval-1024x1024.png 1024w, https:\/\/wildlachs-wsc.ch\/wp-content\/uploads\/2025\/09\/Logo-finval-300x300.png 300w, https:\/\/wildlachs-wsc.ch\/wp-content\/uploads\/2025\/09\/Logo-finval-100x100.png 100w, https:\/\/wildlachs-wsc.ch\/wp-content\/uploads\/2025\/09\/Logo-finval-600x600.png 600w, https:\/\/wildlachs-wsc.ch\/wp-content\/uploads\/2025\/09\/Logo-finval-150x150.png 150w, https:\/\/wildlachs-wsc.ch\/wp-content\/uploads\/2025\/09\/Logo-finval-768x768.png 768w, https:\/\/wildlachs-wsc.ch\/wp-content\/uploads\/2025\/09\/Logo-finval.png 1252w\" sizes=\"(max-width: 800px) 100vw, 800px\" \/>\t\t\t\t\t\t\t\t<\/a>\n\t\t\t\t\t\t\t\t\t\t\t\t\t\t\t<\/div>\n\t\t\t\t<\/div>\n\t\t\t\t\t<\/div>\n\t\t\t\t<\/div>\n\t\t\t\t<\/div>\n\t\t","protected":false},"excerpt":{"rendered":"<p>Bon choix Sp\u00e9cialit\u00e9s d&rsquo;Alaska, saumon sauvage rouge, saumon royal, saumon argent\u00e9 et fruits de mer Bienvenue, nous sommes ravis de l&rsquo;int\u00e9r\u00eat que vous nous portez&nbsp;!Avec notre saumon sauvage et nos fruits de mer directement d&rsquo;Alaska, nous souhaitons vous offrir la possibilit\u00e9 de savourer un morceau de nature sauvage chez vous. Sauvage \u2013 naturel \u2013 sain [&hellip;]<\/p>\n","protected":false},"author":1,"featured_media":0,"parent":0,"menu_order":0,"comment_status":"closed","ping_status":"closed","template":"","meta":{"footnotes":""},"class_list":["post-1612","page","type-page","status-publish","hentry"],"_links":{"self":[{"href":"https:\/\/wildlachs-wsc.ch\/fr\/wp-json\/wp\/v2\/pages\/1612","targetHints":{"allow":["GET"]}}],"collection":[{"href":"https:\/\/wildlachs-wsc.ch\/fr\/wp-json\/wp\/v2\/pages"}],"about":[{"href":"https:\/\/wildlachs-wsc.ch\/fr\/wp-json\/wp\/v2\/types\/page"}],"author":[{"embeddable":true,"href":"https:\/\/wildlachs-wsc.ch\/fr\/wp-json\/wp\/v2\/users\/1"}],"replies":[{"embeddable":true,"href":"https:\/\/wildlachs-wsc.ch\/fr\/wp-json\/wp\/v2\/comments?post=1612"}],"version-history":[{"count":18,"href":"https:\/\/wildlachs-wsc.ch\/fr\/wp-json\/wp\/v2\/pages\/1612\/revisions"}],"predecessor-version":[{"id":2054,"href":"https:\/\/wildlachs-wsc.ch\/fr\/wp-json\/wp\/v2\/pages\/1612\/revisions\/2054"}],"wp:attachment":[{"href":"https:\/\/wildlachs-wsc.ch\/fr\/wp-json\/wp\/v2\/media?parent=1612"}],"curies":[{"name":"wp","href":"https:\/\/api.w.org\/{rel}","templated":true}]}}