{"id":1576,"date":"2025-07-30T08:37:29","date_gmt":"2025-07-30T06:37:29","guid":{"rendered":"https:\/\/wildlachs-wsc.ch\/produkt\/saumon-rouge-frais-filet-entire\/"},"modified":"2025-10-23T21:51:13","modified_gmt":"2025-10-23T19:51:13","slug":"saumon-rouge-frais-filet-entire","status":"publish","type":"page","link":"https:\/\/wildlachs-wsc.ch\/fr\/saumon-rouge-frais-filet-entire\/","title":{"rendered":"Protection des donn\u00e9es -Mentions l\u00e9gales"},"content":{"rendered":"\t\t<div data-elementor-type=\"wp-page\" data-elementor-id=\"1576\" class=\"elementor elementor-1576 elementor-350\" wpc-filter-elementor-widget=\"1\" data-elementor-post-type=\"page\">\n\t\t\t\t<div class=\"elementor-element elementor-element-567e3e2 e-flex e-con-boxed e-con e-parent\" data-id=\"567e3e2\" data-element_type=\"container\" data-e-type=\"container\" data-settings=\"{&quot;background_background&quot;:&quot;classic&quot;}\">\n\t\t\t\t\t<div class=\"e-con-inner\">\n\t\t\t\t<div class=\"elementor-element elementor-element-bf383de elementor-widget elementor-widget-heading\" data-id=\"bf383de\" data-element_type=\"widget\" data-e-type=\"widget\" data-widget_type=\"heading.default\">\n\t\t\t\t\t<h1 class=\"elementor-heading-title elementor-size-default\">Politique de confidentialit\u00e9<\/h1>\t\t\t\t<\/div>\n\t\t\t\t<div class=\"elementor-element elementor-element-e8c4d20 elementor-widget elementor-widget-text-editor\" data-id=\"e8c4d20\" data-element_type=\"widget\" data-e-type=\"widget\" data-widget_type=\"text-editor.default\">\n\t\t\t\t\t\t\t\t\t<div id=\"cc-m-13585001133\" class=\"j-module n j-text \"><p class=\"n\"><strong>Compl\u00e9ment Google Analytics<\/strong><\/p><p class=\"n\">Ce site web utilise Google Analytics, un service d&rsquo;analyse web de Google Inc. (\u00ab Google \u00bb). Google Analytics utilise des \u00ab cookies \u00bb, des fichiers texte qui sont enregistr\u00e9s sur ton ordinateur et qui permettent d&rsquo;analyser ton utilisation du site web. Les informations g\u00e9n\u00e9r\u00e9es par le cookie concernant ton utilisation de ce site web sont g\u00e9n\u00e9ralement transmises \u00e0 un serveur de Google aux \u00c9tats-Unis, o\u00f9 elles sont stock\u00e9es. En cas d&rsquo;activation de l&rsquo;anonymisation IP sur ce site web, ton adresse IP sera toutefois pr\u00e9alablement abr\u00e9g\u00e9e par Google au sein des \u00c9tats membres de l&rsquo;Union europ\u00e9enne ou dans d&rsquo;autres \u00c9tats signataires de l&rsquo;accord sur l&rsquo;Espace \u00e9conomique europ\u00e9en. Ce n&rsquo;est que dans des cas exceptionnels que l&rsquo;adresse IP compl\u00e8te est transmise \u00e0 un serveur de Google aux \u00c9tats-Unis, o\u00f9 elle est abr\u00e9g\u00e9e. Sur mandat de l&rsquo;exploitant de ce site web, Google utilisera ces informations pour \u00e9valuer ton utilisation du site web, pour \u00e9tablir des rapports sur les activit\u00e9s du site web et pour fournir \u00e0 l&rsquo;exploitant du site web d&rsquo;autres prestations de services li\u00e9es \u00e0 l&rsquo;utilisation du site web et \u00e0 l&rsquo;utilisation d&rsquo;Internet. L&rsquo;adresse IP transmise par ton navigateur dans le cadre de Google Analytics n&rsquo;est pas fusionn\u00e9e avec d&rsquo;autres donn\u00e9es de Google. Tu peux emp\u00eacher l&rsquo;enregistrement des cookies en param\u00e9trant ton logiciel de navigation en cons\u00e9quence&nbsp;; nous attirons toutefois ton attention sur le fait que, dans ce cas, tu ne pourras \u00e9ventuellement pas utiliser toutes les fonctions de ce site web dans leur int\u00e9gralit\u00e9. Tu peux en outre emp\u00eacher la collecte par Google des donn\u00e9es g\u00e9n\u00e9r\u00e9es par le cookie et relatives \u00e0 ton utilisation du site web (y compris ton adresse IP) ainsi que le traitement de ces donn\u00e9es par Google, en t\u00e9l\u00e9chargeant et en installant le plugin de navigateur disponible sous le lien suivant&nbsp;: <a title=\"http:\/\/tools.google.com\/dlpage\/gaoptout\" href=\"http:\/\/tools.google.com\/dlpage\/gaoptout\" target=\"_blank\" rel=\"noopener\">http:\/\/tools.google.com\/dlpage\/gaoptout<\/a><\/p><p><span class=\"jtpl-ga-opt-out-text\">Tu peux emp\u00eacher la collecte par Google Analytics en cliquant sur le <a>lien<\/a> suivant.<br>Un cookie d&rsquo;opt-out sera install\u00e9, qui emp\u00eachera la future collecte de tes donn\u00e9es lors de la visite de ce site web<\/span><\/p><p>Tu trouveras de plus amples informations sur les conditions d&rsquo;utilisation et la protection des donn\u00e9es sous les <a href=\"https:\/\/www.google.com\/analytics\/terms\/de.html\" target=\"_blank\" rel=\"noopener\">conditions de Google Analytics<\/a> ou sous la <a href=\"https:\/\/www.google.com\/intl\/de\/policies\/privacy\/index.html\" target=\"_blank\" rel=\"noopener\">pr\u00e9sentation de Google Analytics<\/a>. Nous attirons ton attention sur le fait que sur ce site web, Google Analytics a \u00e9t\u00e9 \u00e9tendu avec le code \u00ab&nbsp;gat._anonymizeIp();&nbsp;\u00bb afin de garantir une collecte anonymis\u00e9e des adresses IP (appel\u00e9e masquage IP).<\/p><p class=\"n\"><strong>reCAPTCHA<\/strong><\/p><p class=\"n\">Pour prot\u00e9ger tes demandes via un formulaire Internet, nous utilisons le service reCAPTCHA de la soci\u00e9t\u00e9 Google Inc. (Google). La requ\u00eate sert \u00e0 distinguer si la saisie est effectu\u00e9e par un \u00eatre humain ou de mani\u00e8re abusive par un traitement automatis\u00e9 et m\u00e9canique. La requ\u00eate comprend l&rsquo;envoi de l&rsquo;adresse IP et, le cas \u00e9ch\u00e9ant, d&rsquo;autres donn\u00e9es n\u00e9cessaires \u00e0 Google pour le service reCAPTCHA. \u00c0 cette fin, ta saisie est transmise \u00e0 Google et y est utilis\u00e9e. Ton adresse IP sera toutefois pr\u00e9alablement abr\u00e9g\u00e9e par Google au sein des \u00c9tats membres de l&rsquo;Union europ\u00e9enne ou dans d&rsquo;autres \u00c9tats signataires de l&rsquo;accord sur l&rsquo;Espace \u00e9conomique europ\u00e9en. Ce n&rsquo;est que dans des cas exceptionnels que l&rsquo;adresse IP compl\u00e8te est transmise \u00e0 un serveur de Google aux \u00c9tats-Unis, o\u00f9 elle est abr\u00e9g\u00e9e. Sur mandat de l&rsquo;exploitant de ce site web, Google utilisera ces informations pour \u00e9valuer ton utilisation de ce service. L&rsquo;adresse IP transmise par ton navigateur dans le cadre de reCaptcha n&rsquo;est pas fusionn\u00e9e avec d&rsquo;autres donn\u00e9es de Google. Les dispositions relatives \u00e0 la protection des donn\u00e9es de la soci\u00e9t\u00e9 Google s&rsquo;appliquent \u00e0 ces donn\u00e9es. Tu trouveras de plus amples informations sur les r\u00e8gles de confidentialit\u00e9 de Google sous&nbsp;: <a title=\"https:\/\/www.google.com\/intl\/de\/policies\/privacy\/\" href=\"https:\/\/www.google.com\/intl\/de\/policies\/privacy\/\" target=\"_blank\" rel=\"noopener\">https:\/\/www.google.com\/intl\/de\/policies\/privacy\/<\/a><\/p><\/div>\t\t\t\t\t\t\t\t<\/div>\n\t\t\t\t<div class=\"elementor-element elementor-element-07b75ea elementor-widget elementor-widget-heading\" data-id=\"07b75ea\" data-element_type=\"widget\" data-e-type=\"widget\" data-widget_type=\"heading.default\">\n\t\t\t\t\t<h1 class=\"elementor-heading-title elementor-size-default\">Mentions l\u00e9gales<\/h1>\t\t\t\t<\/div>\n\t\t\t\t<div class=\"elementor-element elementor-element-19e8e9e elementor-widget elementor-widget-text-editor\" data-id=\"19e8e9e\" data-element_type=\"widget\" data-e-type=\"widget\" data-widget_type=\"text-editor.default\">\n\t\t\t\t\t\t\t\t\t<div id=\"cc-m-13585001133\" class=\"j-module n j-text \">\n<p><strong>Responsable du contenu de ce site web&nbsp;:<\/strong><\/p>\n<p>Wild Salmon Choice GmbH<br>Route des Grives 45<br>1763 Granges-Paccot<\/p>\n<p> <a title=\"office@wildlachs-wsc.ch\" href=\"mailto:office@wildlachs-wsc.ch\">office@wildlachs-wsc.ch<\/a><\/p>\n<p><br>079 470 24 25<\/p>\n<\/div>\t\t\t\t\t\t\t\t<\/div>\n\t\t\t\t\t<\/div>\n\t\t\t\t<\/div>\n\t\t\t\t<\/div>\n\t\t","protected":false},"excerpt":{"rendered":"<p>Politique de confidentialit\u00e9 Compl\u00e9ment Google Analytics Ce site web utilise Google Analytics, un service d&rsquo;analyse web de Google Inc. (\u00ab Google \u00bb). Google Analytics utilise des \u00ab cookies \u00bb, des fichiers texte qui sont enregistr\u00e9s sur ton ordinateur et qui permettent d&rsquo;analyser ton utilisation du site web. Les informations g\u00e9n\u00e9r\u00e9es par le cookie concernant ton [&hellip;]<\/p>\n","protected":false},"author":1,"featured_media":0,"parent":0,"menu_order":0,"comment_status":"closed","ping_status":"closed","template":"","meta":{"footnotes":""},"class_list":["post-1576","page","type-page","status-publish","hentry"],"_links":{"self":[{"href":"https:\/\/wildlachs-wsc.ch\/fr\/wp-json\/wp\/v2\/pages\/1576","targetHints":{"allow":["GET"]}}],"collection":[{"href":"https:\/\/wildlachs-wsc.ch\/fr\/wp-json\/wp\/v2\/pages"}],"about":[{"href":"https:\/\/wildlachs-wsc.ch\/fr\/wp-json\/wp\/v2\/types\/page"}],"author":[{"embeddable":true,"href":"https:\/\/wildlachs-wsc.ch\/fr\/wp-json\/wp\/v2\/users\/1"}],"replies":[{"embeddable":true,"href":"https:\/\/wildlachs-wsc.ch\/fr\/wp-json\/wp\/v2\/comments?post=1576"}],"version-history":[{"count":3,"href":"https:\/\/wildlachs-wsc.ch\/fr\/wp-json\/wp\/v2\/pages\/1576\/revisions"}],"predecessor-version":[{"id":2091,"href":"https:\/\/wildlachs-wsc.ch\/fr\/wp-json\/wp\/v2\/pages\/1576\/revisions\/2091"}],"wp:attachment":[{"href":"https:\/\/wildlachs-wsc.ch\/fr\/wp-json\/wp\/v2\/media?parent=1576"}],"curies":[{"name":"wp","href":"https:\/\/api.w.org\/{rel}","templated":true}]}}